{"id":3557,"date":"2023-06-01T10:35:24","date_gmt":"2023-06-01T08:35:24","guid":{"rendered":"https:\/\/nude.eu\/?page_id=3557"},"modified":"2023-06-19T11:05:13","modified_gmt":"2023-06-19T09:05:13","slug":"general-terms-of-use","status":"publish","type":"page","link":"https:\/\/nude.eu\/en\/general-terms-of-use\/","title":{"rendered":"General Terms of Use"},"content":{"rendered":"\t\t<div data-elementor-type=\"wp-page\" data-elementor-id=\"3557\" class=\"elementor elementor-3557 elementor-1676\" data-elementor-post-type=\"page\">\n\t\t\t\t<div class=\"elementor-element elementor-element-8f96e7b e-flex e-con-boxed e-con e-parent\" data-id=\"8f96e7b\" data-element_type=\"container\">\n\t\t\t\t\t<div class=\"e-con-inner\">\n\t\t\t\t<div class=\"elementor-element elementor-element-8722987 elementor-widget elementor-widget-text-editor\" data-id=\"8722987\" data-element_type=\"widget\" data-widget_type=\"text-editor.default\">\n\t\t\t\t<div class=\"elementor-widget-container\">\n\t\t\t\t\t\t\t\t\t<h1><strong>Conditions G\u00e9n\u00e9rales d\u2019Utilisation<\/strong><\/h1><p><strong>1. Notre site web<\/strong><\/p><p>Conform\u00e9ment \u00e0 l&#8217;article 6 de la loi n\u00b0 2004-575 du 21 juin 2004 pour la confiance dans l&#8217;\u00e9conomie num\u00e9rique, est communiqu\u00e9 aux utilisateurs du site\u00a0<a href=\"http:\/\/www.nude.eu\/\">www.nude.eu<\/a>\u00a0l&#8217;identit\u00e9 des diff\u00e9rents intervenants dans le cadre de sa r\u00e9alisation et de son suivi :<\/p><p><strong>Propri\u00e9taire<\/strong>\u00a0: NUDE \u2013 101 rue de Paris 92100 Boulogne-Billancourt<br \/><strong>Cr\u00e9ateur<\/strong>\u00a0:\u00a0<a href=\"http:\/\/www.nude.eu\/\">Cyril de Charentenay<\/a><br \/><strong>Responsable publication<\/strong>\u00a0: Cyril de Charentenay \u2013cdecharentenay@nude.eu<br \/><strong>Webmaster<\/strong>\u00a0: Cyril de Charentenay \u2013cdecharentenay@nude.eu<br \/><strong>H\u00e9bergeur<\/strong>\u00a0: OVH \u2013 2 rue Kellermann, Roubaix<\/p><p><strong>2. Conditions g\u00e9n\u00e9rales d\u2019utilisation de notre site www.nude.eu<\/strong><\/p><p>L\u2019utilisation du site\u00a0<a href=\"http:\/\/www.nude.eu\/\">www.nude.eu<\/a>\u00a0implique l\u2019acceptation pleine et enti\u00e8re des conditions g\u00e9n\u00e9rales d\u2019utilisation ci-apr\u00e8s d\u00e9crites. Ces conditions d\u2019utilisation sont susceptibles d\u2019\u00eatre modifi\u00e9es ou compl\u00e9t\u00e9es \u00e0 tout moment. Les utilisateurs du site\u00a0<a href=\"http:\/\/www.nude.eu\/\">www.nude.eu<\/a>\u00a0sont donc invit\u00e9s \u00e0 les consulter r\u00e9guli\u00e8rement.<\/p><p>Notre site web <a href=\"http:\/\/www.nude.eu\">www.nude.eu<\/a> est accessible \u00e0 tout moment aux utilisateurs. Une interruption pour raison de maintenance technique peut \u00eatre toutefois d\u00e9cid\u00e9e par la soci\u00e9t\u00e9 Nude.<\/p><p>Le site\u00a0<a href=\"http:\/\/www.nude.eu\/\">www.nude.eu<\/a>\u00a0est mis \u00e0 jour r\u00e9guli\u00e8rement par le webmaster. Comme indiqu\u00e9 plus haut, les mentions l\u00e9gales peuvent \u00eatre modifi\u00e9es \u00e0 tout moment : elles s\u2019imposent n\u00e9anmoins \u00e0 l\u2019utilisateur qui est invit\u00e9 \u00e0 en prendre connaissance r\u00e9guli\u00e8rement.<\/p><p><strong>3. Services fournis.<\/strong><\/p><p>Le site\u00a0<a href=\"http:\/\/www.nude.eu\/\">www.nude.eu<\/a>\u00a0a pour objet de fournir une information concernant les activit\u00e9s de la soci\u00e9t\u00e9.<\/p><p>La soci\u00e9t\u00e9 Nude s\u2019efforce de fournir sur le site\u00a0<a href=\"http:\/\/www.nude.eu\/\">www.nude.eu<\/a>\u00a0des informations aussi pr\u00e9cises que possible. Toutefois, elle ne pourra \u00eatre tenue responsable des omissions, des inexactitudes et des carences dans la mise \u00e0 jour.<\/p><p>Les informations indiqu\u00e9es sur le site\u00a0<a href=\"http:\/\/www.nude.eu\/\">www.nude.eu<\/a>\u00a0sont donn\u00e9es \u00e0 titre indicatif, et sont susceptibles d\u2019\u00e9voluer. Par ailleurs, les renseignements figurant sur le site\u00a0<a href=\"http:\/\/www.nude.eu\/\">www.nude.eu<\/a>\u00a0ne sont pas exhaustives. Elles sont donn\u00e9es sous r\u00e9serve de modifications ayant \u00e9t\u00e9 apport\u00e9es depuis leur mise en ligne.<\/p><p><strong>4. Limitations contractuelles sur les donn\u00e9es techniques.<\/strong><\/p><p>Le site utilise la technologie JavaScript. Le site www.nude.eu ne pourra \u00eatre tenu responsable de dommages mat\u00e9riels li\u00e9s \u00e0 l\u2019utilisation du site. De plus, l\u2019utilisateur du site s\u2019engage \u00e0 acc\u00e9der au site en utilisant un mat\u00e9riel r\u00e9cent, ne contenant pas de virus et avec un navigateur \u00e0 jour.<\/p><p><strong>5. Propri\u00e9t\u00e9 intellectuelle et contrefa\u00e7ons.<\/strong><\/p><p>La soci\u00e9t\u00e9 Nude est propri\u00e9taire des droits de propri\u00e9t\u00e9 intellectuelle ou d\u00e9tient les droits d\u2019usage sur tous les \u00e9l\u00e9ments accessibles sur le site, notamment les textes, images, graphismes, logo, ic\u00f4nes, sons, logiciels.<\/p><p>Toute reproduction, repr\u00e9sentation, modification, publication, adaptation de tout ou partie des \u00e9l\u00e9ments du site, quel que soit le moyen ou le proc\u00e9d\u00e9 utilis\u00e9, est interdite, sauf autorisation \u00e9crite pr\u00e9alable de : Nude.<\/p><p>Toute exploitation non autoris\u00e9e du site ou de l\u2019un des \u00e9l\u00e9ments qu\u2019il contient sera consid\u00e9r\u00e9e comme une contrefa\u00e7on et poursuivie conform\u00e9ment aux dispositions des articles L.335-2 et suivants du Code de Propri\u00e9t\u00e9 Intellectuelle.<\/p><p><strong>6. Limitations des responsabilit\u00e9s.<\/strong><\/p><p>Nude ne pourra \u00eatre tenue pour responsable des dommages directs et indirects caus\u00e9s au mat\u00e9riel de l\u2019utilisateur, lors de l\u2019acc\u00e8s au site www.nude.eu, et r\u00e9sultant soit de l\u2019utilisation d\u2019un mat\u00e9riel ne r\u00e9pondant pas aux sp\u00e9cifications indiqu\u00e9es au point 4, soit de l\u2019apparition d\u2019un bug ou d\u2019une incompatibilit\u00e9.<\/p><p>Nude ne pourra \u00e9galement pas \u00eatre tenue pour responsable des dommages indirects (tels par exemple qu\u2019une perte de march\u00e9 ou perte d\u2019une chance) cons\u00e9cutifs \u00e0 l\u2019utilisation du site\u00a0<a href=\"http:\/\/www.nude.eu\/\">www.nude.eu<\/a>.<\/p><p>Des espaces interactifs (formulaire de contact, formulaire d\u2019inscription \u00e0 la newsletter\u2026) sont \u00e0 la disposition des utilisateurs. NUDE se r\u00e9serve le droit de supprimer, sans mise en demeure pr\u00e9alable, tout contenu d\u00e9pos\u00e9 dans cet espace qui contreviendrait \u00e0 la l\u00e9gislation applicable en France, en particulier aux dispositions relatives \u00e0 la protection des donn\u00e9es. Le cas \u00e9ch\u00e9ant, NUDE se r\u00e9serve \u00e9galement la possibilit\u00e9 de mettre en cause la responsabilit\u00e9 civile et\/ou p\u00e9nale de l\u2019utilisateur, notamment en cas de message \u00e0 caract\u00e8re raciste, injurieux, diffamant, ou pornographique, quel que soit le support utilis\u00e9 (texte, photographie\u2026).<\/p><p><strong>7. Donn\u00e9es personnelles.<\/strong><\/p><p>En France, les donn\u00e9es personnelles sont notamment prot\u00e9g\u00e9es par la loi n\u00b0 78-87 du 6 janvier 1978, la loi n\u00b0 2004-801 du 6 ao\u00fbt 2004, l&#8217;article L. 226-13 du Code p\u00e9nal et la Directive Europ\u00e9enne du 24 octobre 1995.<\/p><p>A l&#8217;occasion de l&#8217;utilisation du site\u00a0<a href=\"http:\/\/www.nude.eu\/\">www.nude.eu<\/a>, peuvent \u00eatres recueillies : l&#8217;URL des liens par l&#8217;interm\u00e9diaire desquels l&#8217;utilisateur a acc\u00e9d\u00e9 au site <a href=\"http:\/\/www.nude.eu\/\">www.nude.eu<\/a>, le fournisseur d&#8217;acc\u00e8s de l&#8217;utilisateur, l&#8217;adresse de protocole Internet (IP) de l&#8217;utilisateur.<\/p><p>En tout \u00e9tat de cause NUDE ne collecte des informations personnelles relatives \u00e0 l&#8217;utilisateur que pour le besoin de certains services propos\u00e9s sur le site\u00a0<a href=\"http:\/\/www.nude.eu\/\">www.nude.eu<\/a>. L\u2019utilisateur fournit ces informations en toute connaissance de cause, notamment lorsqu&#8217;il proc\u00e8de par lui-m\u00eame \u00e0 leur saisie. Il est alors pr\u00e9cis\u00e9 \u00e0 l&#8217;utilisateur du site\u00a0<a href=\"http:\/\/www.nude.eu\/\">www.nude.eu<\/a>\u00a0l\u2019obligation ou non de fournir ces informations.<\/p><p>Conform\u00e9ment aux dispositions des articles 38 et suivants de la loi 78-17 du 6 janvier 1978 relative \u00e0 l\u2019informatique, aux fichiers et aux libert\u00e9s, tout utilisateur dispose d\u2019un droit d\u2019acc\u00e8s, de rectification et d\u2019opposition aux donn\u00e9es personnelles le concernant, en effectuant sa demande \u00e9crite et sign\u00e9e, accompagn\u00e9e d\u2019une copie du titre d\u2019identit\u00e9 avec signature du titulaire de la pi\u00e8ce, en pr\u00e9cisant l\u2019adresse \u00e0 laquelle la r\u00e9ponse doit \u00eatre envoy\u00e9e.<\/p><p>Aucune information personnelle de l&#8217;utilisateur du site\u00a0<a href=\"http:\/\/www.nude.eu\/\">www.nude.eu<\/a>\u00a0n&#8217;est publi\u00e9e \u00e0 l&#8217;insu de l&#8217;utilisateur, \u00e9chang\u00e9e, transf\u00e9r\u00e9e, c\u00e9d\u00e9e ou vendue sur un support quelconque \u00e0 des tiers. Seule l&#8217;hypoth\u00e8se du rachat de NUDE et de ses droits permettrait la transmission des dites informations \u00e0 l&#8217;\u00e9ventuel acqu\u00e9reur qui serait \u00e0 son tour tenu de la m\u00eame obligation de conservation et de modification des donn\u00e9es vis \u00e0 vis de l&#8217;utilisateur du site\u00a0<a href=\"http:\/\/www.nude.eu\/\">www.nude.eu<\/a>.<\/p><p>Les bases de donn\u00e9es sont prot\u00e9g\u00e9es par les dispositions de la loi du 1er juillet 1998 transposant la directive 96\/9 du 11 mars 1996 relative \u00e0 la protection juridique des bases de donn\u00e9es.<\/p><p><strong>8. Liens et cookies.<\/strong><\/p><p>Le site\u00a0<a href=\"http:\/\/www.nude.eu\/\">www.nude.eu<\/a>\u00a0contient un certain nombre de liens hypertextes vers d\u2019autres sites, mis en place avec l\u2019autorisation de NUDE. Cependant, NUDE n\u2019a pas la possibilit\u00e9 de v\u00e9rifier le contenu des sites ainsi visit\u00e9s, et n\u2019assumera en cons\u00e9quence aucune responsabilit\u00e9 de ce fait.<\/p><p>La navigation sur le site\u00a0<a href=\"http:\/\/www.nude.eu\/\">www.nude.eu<\/a>\u00a0est susceptible de provoquer l\u2019installation de cookie(s) sur l\u2019ordinateur de l\u2019utilisateur. Un cookie est un fichier de petite taille, qui ne permet pas l\u2019identification de l\u2019utilisateur, mais qui enregistre des informations relatives \u00e0 la navigation d\u2019un ordinateur sur un site. Les donn\u00e9es ainsi obtenues visent \u00e0 faciliter la navigation ult\u00e9rieure sur le site, et ont \u00e9galement vocation \u00e0 permettre diverses mesures de fr\u00e9quentation.<\/p><p>Le refus d\u2019installation d\u2019un cookie peut entra\u00eener l\u2019impossibilit\u00e9 d\u2019acc\u00e9der \u00e0 certains services. L\u2019utilisateur peut toutefois configurer son ordinateur de la mani\u00e8re suivante, pour refuser l\u2019installation des cookies :<\/p><p>Sous Internet Explorer : onglet outil (pictogramme en forme de rouage en haut a droite) \/ options internet. Cliquez sur Confidentialit\u00e9 et choisissez Bloquer tous les cookies. Validez sur Ok.<\/p><p>Sous Firefox : en haut de la fen\u00eatre du navigateur, cliquez sur le bouton Firefox, puis aller dans l&#8217;onglet Options. Cliquer sur l&#8217;onglet Vie priv\u00e9e. Param\u00e9trez les R\u00e8gles de conservation sur : utiliser les param\u00e8tres personnalis\u00e9s pour l&#8217;historique. Enfin d\u00e9cochez-la pour d\u00e9sactiver les cookies.<\/p><p>Sous Safari : Cliquez en haut \u00e0 droite du navigateur sur le pictogramme de menu (symbolis\u00e9 par un rouage). S\u00e9lectionnez Param\u00e8tres. Cliquez sur Afficher les param\u00e8tres avanc\u00e9s. Dans la section &#8220;Confidentialit\u00e9&#8221;, cliquez sur Param\u00e8tres de contenu. Dans la section &#8220;Cookies&#8221;, vous pouvez bloquer les cookies.<\/p><p>Sous Chrome : Cliquez en haut \u00e0 droite du navigateur sur le pictogramme de menu (symbolis\u00e9 par trois lignes horizontales). S\u00e9lectionnez Param\u00e8tres. Cliquez sur Afficher les param\u00e8tres avanc\u00e9s. Dans la section &#8220;Confidentialit\u00e9&#8221;, cliquez sur pr\u00e9f\u00e9rences. Dans l&#8217;onglet &#8220;Confidentialit\u00e9&#8221;, vous pouvez bloquer les cookies.<\/p><p><strong>9. Droit applicable et attribution de juridiction.<\/strong><\/p><p>Tout litige en relation avec l\u2019utilisation du site\u00a0<a href=\"http:\/\/www.nude.eu\/\">www.nude.eu<\/a>\u00a0est soumis au droit fran\u00e7ais. Il est fait attribution exclusive de juridiction aux tribunaux comp\u00e9tents de Paris.<\/p><p><strong>10. Lois concern\u00e9es.<\/strong><\/p><p>Loi n\u00b0 78-17 du 6 janvier 1978, notamment modifi\u00e9e par la loi n\u00b0 2004-801 du 6 ao\u00fbt 2004 relative \u00e0 l&#8217;informatique, aux fichiers et aux libert\u00e9s.<\/p><p>Loi n\u00b0 2004-575 du 21 juin 2004 pour la confiance dans l&#8217;\u00e9conomie num\u00e9rique.<\/p><p><strong>11. Lexique.<\/strong><\/p><p>Utilisateur : Internaute se connectant, utilisant le site susnomm\u00e9.<\/p><p>Informations personnelles : \u00ab les informations qui permettent, sous quelque forme que ce soit, directement ou non, l&#8217;identification des personnes physiques auxquelles elles s&#8217;appliquent \u00bb (article 4 de la loi n\u00b0 78-17 du 6 janvier 1978).<\/p>\t\t\t\t\t\t\t\t<\/div>\n\t\t\t\t<\/div>\n\t\t\t\t\t<\/div>\n\t\t\t\t<\/div>\n\t\t\t\t<\/div>\n\t\t","protected":false},"excerpt":{"rendered":"<p> [&#8230;]<\/p>\n<p><a class=\"btn btn-secondary understrap-read-more-link\" href=\"https:\/\/nude.eu\/en\/general-terms-of-use\/\">Read More&#8230;<span class=\"screen-reader-text\"> from General Terms of Use<\/span><\/a><\/p>\n","protected":false},"author":1,"featured_media":0,"parent":0,"menu_order":0,"comment_status":"closed","ping_status":"closed","template":"elementor_header_footer","meta":{"_acf_changed":false,"footnotes":""},"class_list":["post-3557","page","type-page","status-publish","hentry"],"acf":[],"yoast_head":"<!-- This site is optimized with the Yoast SEO plugin v26.3 - https:\/\/yoast.com\/wordpress\/plugins\/seo\/ -->\n<title>General Terms of Use - Nude | Agence conseil en strat\u00e9gie, cr\u00e9ation et communication de marque<\/title>\n<meta name=\"robots\" content=\"index, follow, max-snippet:-1, max-image-preview:large, max-video-preview:-1\" \/>\n<link rel=\"canonical\" href=\"https:\/\/nude.eu\/en\/general-terms-of-use\/\" \/>\n<meta property=\"og:locale\" content=\"en_US\" \/>\n<meta property=\"og:type\" content=\"article\" \/>\n<meta property=\"og:title\" content=\"General Terms of Use - Nude | Agence conseil en strat\u00e9gie, cr\u00e9ation et communication de marque\" \/>\n<meta property=\"og:description\" content=\"[...]Read More... from General Terms of Use\" \/>\n<meta property=\"og:url\" content=\"https:\/\/nude.eu\/en\/general-terms-of-use\/\" \/>\n<meta property=\"og:site_name\" content=\"Nude | Agence conseil en strat\u00e9gie, cr\u00e9ation et communication de marque\" \/>\n<meta property=\"article:publisher\" content=\"https:\/\/www.facebook.com\/NudeTheBrandIncubator\" \/>\n<meta property=\"article:modified_time\" content=\"2023-06-19T09:05:13+00:00\" \/>\n<meta name=\"twitter:card\" content=\"summary_large_image\" \/>\n<script type=\"application\/ld+json\" class=\"yoast-schema-graph\">{\"@context\":\"https:\/\/schema.org\",\"@graph\":[{\"@type\":\"WebPage\",\"@id\":\"https:\/\/nude.eu\/en\/general-terms-of-use\/\",\"url\":\"https:\/\/nude.eu\/en\/general-terms-of-use\/\",\"name\":\"General Terms of Use - Nude | Agence conseil en strat\u00e9gie, cr\u00e9ation et communication de marque\",\"isPartOf\":{\"@id\":\"https:\/\/nude.eu\/#website\"},\"datePublished\":\"2023-06-01T08:35:24+00:00\",\"dateModified\":\"2023-06-19T09:05:13+00:00\",\"breadcrumb\":{\"@id\":\"https:\/\/nude.eu\/en\/general-terms-of-use\/#breadcrumb\"},\"inLanguage\":\"en-US\",\"potentialAction\":[{\"@type\":\"ReadAction\",\"target\":[\"https:\/\/nude.eu\/en\/general-terms-of-use\/\"]}]},{\"@type\":\"BreadcrumbList\",\"@id\":\"https:\/\/nude.eu\/en\/general-terms-of-use\/#breadcrumb\",\"itemListElement\":[{\"@type\":\"ListItem\",\"position\":1,\"name\":\"Accueil\",\"item\":\"https:\/\/nude.eu\/en\/\"},{\"@type\":\"ListItem\",\"position\":2,\"name\":\"General Terms of Use\"}]},{\"@type\":\"WebSite\",\"@id\":\"https:\/\/nude.eu\/#website\",\"url\":\"https:\/\/nude.eu\/\",\"name\":\"Nude | Agence conseil en strat\u00e9gie, cr\u00e9ation et communication de marque\",\"description\":\"Brand to be alive \u00ae\",\"publisher\":{\"@id\":\"https:\/\/nude.eu\/#organization\"},\"potentialAction\":[{\"@type\":\"SearchAction\",\"target\":{\"@type\":\"EntryPoint\",\"urlTemplate\":\"https:\/\/nude.eu\/?s={search_term_string}\"},\"query-input\":{\"@type\":\"PropertyValueSpecification\",\"valueRequired\":true,\"valueName\":\"search_term_string\"}}],\"inLanguage\":\"en-US\"},{\"@type\":\"Organization\",\"@id\":\"https:\/\/nude.eu\/#organization\",\"name\":\"Nude\",\"url\":\"https:\/\/nude.eu\/\",\"logo\":{\"@type\":\"ImageObject\",\"inLanguage\":\"en-US\",\"@id\":\"https:\/\/nude.eu\/#\/schema\/logo\/image\/\",\"url\":\"https:\/\/nude.eu\/wp-content\/uploads\/2023\/04\/cropped-Logo-Nude.png\",\"contentUrl\":\"https:\/\/nude.eu\/wp-content\/uploads\/2023\/04\/cropped-Logo-Nude.png\",\"width\":417,\"height\":80,\"caption\":\"Nude\"},\"image\":{\"@id\":\"https:\/\/nude.eu\/#\/schema\/logo\/image\/\"},\"sameAs\":[\"https:\/\/www.facebook.com\/NudeTheBrandIncubator\",\"https:\/\/fr.linkedin.com\/company\/nudeagency\",\"https:\/\/www.instagram.com\/nude_agency\"]}]}<\/script>\n<!-- \/ Yoast SEO plugin. -->","yoast_head_json":{"title":"General Terms of Use - Nude | Agence conseil en strat\u00e9gie, cr\u00e9ation et communication de marque","robots":{"index":"index","follow":"follow","max-snippet":"max-snippet:-1","max-image-preview":"max-image-preview:large","max-video-preview":"max-video-preview:-1"},"canonical":"https:\/\/nude.eu\/en\/general-terms-of-use\/","og_locale":"en_US","og_type":"article","og_title":"General Terms of Use - Nude | Agence conseil en strat\u00e9gie, cr\u00e9ation et communication de marque","og_description":"[...]Read More... from General Terms of Use","og_url":"https:\/\/nude.eu\/en\/general-terms-of-use\/","og_site_name":"Nude | Agence conseil en strat\u00e9gie, cr\u00e9ation et communication de marque","article_publisher":"https:\/\/www.facebook.com\/NudeTheBrandIncubator","article_modified_time":"2023-06-19T09:05:13+00:00","twitter_card":"summary_large_image","schema":{"@context":"https:\/\/schema.org","@graph":[{"@type":"WebPage","@id":"https:\/\/nude.eu\/en\/general-terms-of-use\/","url":"https:\/\/nude.eu\/en\/general-terms-of-use\/","name":"General Terms of Use - Nude | Agence conseil en strat\u00e9gie, cr\u00e9ation et communication de marque","isPartOf":{"@id":"https:\/\/nude.eu\/#website"},"datePublished":"2023-06-01T08:35:24+00:00","dateModified":"2023-06-19T09:05:13+00:00","breadcrumb":{"@id":"https:\/\/nude.eu\/en\/general-terms-of-use\/#breadcrumb"},"inLanguage":"en-US","potentialAction":[{"@type":"ReadAction","target":["https:\/\/nude.eu\/en\/general-terms-of-use\/"]}]},{"@type":"BreadcrumbList","@id":"https:\/\/nude.eu\/en\/general-terms-of-use\/#breadcrumb","itemListElement":[{"@type":"ListItem","position":1,"name":"Accueil","item":"https:\/\/nude.eu\/en\/"},{"@type":"ListItem","position":2,"name":"General Terms of Use"}]},{"@type":"WebSite","@id":"https:\/\/nude.eu\/#website","url":"https:\/\/nude.eu\/","name":"Nude | Agence conseil en strat\u00e9gie, cr\u00e9ation et communication de marque","description":"Brand to be alive \u00ae","publisher":{"@id":"https:\/\/nude.eu\/#organization"},"potentialAction":[{"@type":"SearchAction","target":{"@type":"EntryPoint","urlTemplate":"https:\/\/nude.eu\/?s={search_term_string}"},"query-input":{"@type":"PropertyValueSpecification","valueRequired":true,"valueName":"search_term_string"}}],"inLanguage":"en-US"},{"@type":"Organization","@id":"https:\/\/nude.eu\/#organization","name":"Nude","url":"https:\/\/nude.eu\/","logo":{"@type":"ImageObject","inLanguage":"en-US","@id":"https:\/\/nude.eu\/#\/schema\/logo\/image\/","url":"https:\/\/nude.eu\/wp-content\/uploads\/2023\/04\/cropped-Logo-Nude.png","contentUrl":"https:\/\/nude.eu\/wp-content\/uploads\/2023\/04\/cropped-Logo-Nude.png","width":417,"height":80,"caption":"Nude"},"image":{"@id":"https:\/\/nude.eu\/#\/schema\/logo\/image\/"},"sameAs":["https:\/\/www.facebook.com\/NudeTheBrandIncubator","https:\/\/fr.linkedin.com\/company\/nudeagency","https:\/\/www.instagram.com\/nude_agency"]}]}},"_links":{"self":[{"href":"https:\/\/nude.eu\/en\/wp-json\/wp\/v2\/pages\/3557","targetHints":{"allow":["GET"]}}],"collection":[{"href":"https:\/\/nude.eu\/en\/wp-json\/wp\/v2\/pages"}],"about":[{"href":"https:\/\/nude.eu\/en\/wp-json\/wp\/v2\/types\/page"}],"author":[{"embeddable":true,"href":"https:\/\/nude.eu\/en\/wp-json\/wp\/v2\/users\/1"}],"replies":[{"embeddable":true,"href":"https:\/\/nude.eu\/en\/wp-json\/wp\/v2\/comments?post=3557"}],"version-history":[{"count":1,"href":"https:\/\/nude.eu\/en\/wp-json\/wp\/v2\/pages\/3557\/revisions"}],"predecessor-version":[{"id":3558,"href":"https:\/\/nude.eu\/en\/wp-json\/wp\/v2\/pages\/3557\/revisions\/3558"}],"wp:attachment":[{"href":"https:\/\/nude.eu\/en\/wp-json\/wp\/v2\/media?parent=3557"}],"curies":[{"name":"wp","href":"https:\/\/api.w.org\/{rel}","templated":true}]}}